{"id":9,"date":"2023-06-29T14:48:59","date_gmt":"2023-06-29T14:48:59","guid":{"rendered":"http:\/\/thyparken.dk\/?page_id=9"},"modified":"2025-12-30T09:58:58","modified_gmt":"2025-12-30T09:58:58","slug":"klinikfaellesskabet-thyparken","status":"publish","type":"page","link":"https:\/\/thyparken.dk\/","title":{"rendered":"Forside"},"content":{"rendered":"\t\t<div data-elementor-type=\"wp-page\" data-elementor-id=\"9\" class=\"elementor elementor-9\">\n\t\t\t\t<div class=\"elementor-element elementor-element-7ec8616 e-flex e-con-boxed e-con e-parent\" data-id=\"7ec8616\" data-element_type=\"container\" data-e-type=\"container\">\n\t\t\t\t\t<div class=\"e-con-inner\">\n\t\t\t\t<div class=\"elementor-element elementor-element-835b0d3 elementor-widget elementor-widget-heading\" data-id=\"835b0d3\" data-element_type=\"widget\" data-e-type=\"widget\" data-widget_type=\"heading.default\">\n\t\t\t\t\t<h2 class=\"elementor-heading-title elementor-size-default\"><a href=\"https:\/\/thyparken.dk\/?page_id=83\">Book<\/a><\/h2>\t\t\t\t<\/div>\n\t\t\t\t\t<\/div>\n\t\t\t\t<\/div>\n\t\t<div class=\"elementor-element elementor-element-4f970d3b e-flex e-con-boxed e-con e-parent\" data-id=\"4f970d3b\" data-element_type=\"container\" data-e-type=\"container\">\n\t\t\t\t\t<div class=\"e-con-inner\">\n\t\t\t\t<div class=\"elementor-element elementor-element-733ec204 elementor-widget elementor-widget-text-editor\" data-id=\"733ec204\" data-element_type=\"widget\" data-e-type=\"widget\" data-widget_type=\"text-editor.default\">\n\t\t\t\t\t\t\t\t\t<p><\/p>\n<figure><img decoding=\"async\" src=\"https:\/\/thyparken.dk\/wp-content\/uploads\/2024\/11\/Skaermbillede-2023-06-29-kl.-16.20.59-1024x191-2.png\" alt=\"\"><\/figure>\n<p><\/p>\n<p><strong>Ideen<\/strong><\/p>\n<p><\/p>\n<p>Ideen bag Klinikf\u00e6llesskabet Thyparken er at etablere et f\u00e6llesskab for psykologer og terapeuter i besl\u00e6gtede erhverv. Selvst\u00e6ndigt praktiserende psykologer arbejder ofte alene og har ikke et kollegialt f\u00e6llesskab i det daglige. Med dette f\u00e6llesskab \u00f8nsker vi at skabe rammer for, at psykologer kan udf\u00f8re deres arbejde, d\u00f8r om d\u00f8r med andre psykologer. Vi \u00f8nsker ogs\u00e5 at nyuddannede psykologer f\u00e5r mulighed for at f\u00e5 erfaring med terapeutisk arbejde, i et hus hvor der ogs\u00e5 arbejder erfarne psykologer.<\/p>\n<p><\/p>\n<p>Efter ideen er opst\u00e5et har vi arbejdet med forskellige muligheder for at k\u00f8be et hus der kunne v\u00e6re velegnet til form\u00e5let, men da vi har \u00f8nsket optimale rammer og en central placering i Thisted, fandt vi et hj\u00f8rne i Thyparken, som er velegnet til form\u00e5let.<\/p>\n<p><\/p>\n<p><strong>Huset<\/strong><\/p>\n<p><\/p>\n<p>Huset er p\u00e5 188 m2 og er indrettet med fire kliniklokaler p\u00e5 hver 22 m2. Der er handicapvenlige forhold og generelt gode parkerings- og ventefaciliteter.<\/p>\n<p><\/p>\n<p>Nuv\u00e6rende lejere:<\/p>\n<p><\/p>\n<figure>\n<table>\n<tbody>\n<tr>\n<td>Trine Bakke<\/td>\n<td>Psykolog<\/td>\n<td><a href=\"https:\/\/psykologithisted.dk\">Hjemme side<\/a><\/td>\n<\/tr>\n<tr>\n<td>Kirsten Dhal Diechmann<\/td>\n<td>Psykolog<\/td>\n<td><a href=\"https:\/\/kdpsyk.dk\">Hjemme side<\/a><\/td>\n<\/tr>\n<tr>\n<td>&nbsp;Cervus-Advice ApS<\/td>\n<td>R\u00e5dgiver<\/td>\n<td><a href=\"https:\/\/cervus-advice.dk\/\">Hjemme side<\/a><\/td>\n<\/tr>\n<\/tbody>\n<\/table>\n<\/figure>\n<p><\/p>\n<p><strong>Vi har stadig kliniklokaler ledige til udlejning, i l\u00f8bet af ugen men ogs\u00e5 i weekenden s\u00e5 kontakt os.<\/strong><\/p>\n<p><\/p>\n<p>Klinikf\u00e6llesskabet Thyparken ApS<br>Thyparken 6<br>7700 Thisted<br><a href=\"http:\/\/www.thyparken.dk\/\">www.thyparken.dk<\/a><br>Kontakt: kontakt@thyparken.dk<br>CVR.: 43454366<\/p>\n<p><\/p>\t\t\t\t\t\t\t\t<\/div>\n\t\t\t\t\t<\/div>\n\t\t\t\t<\/div>\n\t\t\t\t<\/div>\n\t\t","protected":false},"excerpt":{"rendered":"<p>Book Ideen Ideen bag Klinikf\u00e6llesskabet Thyparken er at etablere et f\u00e6llesskab for psykologer og terapeuter i besl\u00e6gtede erhverv. Selvst\u00e6ndigt praktiserende psykologer arbejder ofte alene og har ikke et kollegialt f\u00e6llesskab i det daglige. Med dette f\u00e6llesskab \u00f8nsker vi at skabe rammer for, at psykologer kan udf\u00f8re deres arbejde, d\u00f8r om d\u00f8r med andre psykologer. Vi [&hellip;]<\/p>\n","protected":false},"author":2,"featured_media":0,"parent":0,"menu_order":0,"comment_status":"closed","ping_status":"closed","template":"","meta":{"footnotes":""},"class_list":["post-9","page","type-page","status-publish","hentry"],"_links":{"self":[{"href":"https:\/\/thyparken.dk\/index.php?rest_route=\/wp\/v2\/pages\/9","targetHints":{"allow":["GET"]}}],"collection":[{"href":"https:\/\/thyparken.dk\/index.php?rest_route=\/wp\/v2\/pages"}],"about":[{"href":"https:\/\/thyparken.dk\/index.php?rest_route=\/wp\/v2\/types\/page"}],"author":[{"embeddable":true,"href":"https:\/\/thyparken.dk\/index.php?rest_route=\/wp\/v2\/users\/2"}],"replies":[{"embeddable":true,"href":"https:\/\/thyparken.dk\/index.php?rest_route=%2Fwp%2Fv2%2Fcomments&post=9"}],"version-history":[{"count":27,"href":"https:\/\/thyparken.dk\/index.php?rest_route=\/wp\/v2\/pages\/9\/revisions"}],"predecessor-version":[{"id":122,"href":"https:\/\/thyparken.dk\/index.php?rest_route=\/wp\/v2\/pages\/9\/revisions\/122"}],"wp:attachment":[{"href":"https:\/\/thyparken.dk\/index.php?rest_route=%2Fwp%2Fv2%2Fmedia&parent=9"}],"curies":[{"name":"wp","href":"https:\/\/api.w.org\/{rel}","templated":true}]}}